{"id":1320,"date":"2021-11-21T15:14:41","date_gmt":"2021-11-21T15:14:41","guid":{"rendered":"https:\/\/miss.hoisinhvienhup.com\/index.php\/services\/"},"modified":"2025-08-29T10:35:09","modified_gmt":"2025-08-29T10:35:09","slug":"thddd-2023-thele","status":"publish","type":"page","link":"https:\/\/miss.hoisinhvienhup.com\/index.php\/thddd-2023-thele\/","title":{"rendered":"T\u00e0i hoa Duy\u00ean d\u00e1ng D\u01b0\u1ee3c 2023 &#8211; Th\u1ec3 l\u1ec7"},"content":{"rendered":"\t\t<div data-elementor-type=\"wp-page\" data-elementor-id=\"1320\" class=\"elementor elementor-1320\">\n\t\t\t\t\t\t\t\t\t<section class=\"has_eae_slider has_ma_el_bg_slider elementor-section elementor-top-section elementor-element elementor-element-355f8dd elementor-section-boxed elementor-section-height-default elementor-section-height-default jltma-glass-effect-no\" data-id=\"355f8dd\" data-element_type=\"section\" data-settings=\"{&quot;background_background&quot;:&quot;classic&quot;,&quot;sticky&quot;:&quot;top&quot;,&quot;sticky_on&quot;:[&quot;desktop&quot;,&quot;tablet&quot;,&quot;mobile&quot;],&quot;sticky_offset&quot;:0,&quot;sticky_effects_offset&quot;:0}\">\n\t\t\t\t\t\t<div class=\"elementor-container elementor-column-gap-default\">\n\t\t\t\t\t<div class=\"has_eae_slider has_ma_el_bg_slider elementor-column elementor-col-50 elementor-top-column elementor-element elementor-element-cb92787 jltma-glass-effect-no\" data-id=\"cb92787\" data-element_type=\"column\">\n\t\t\t<div class=\"elementor-widget-wrap elementor-element-populated\">\n\t\t\t\t\t\t\t\t<div class=\"elementor-element elementor-element-88a3bfd elementor-nav-menu__align-center elementor-nav-menu--stretch elementor-nav-menu--dropdown-tablet elementor-nav-menu__text-align-aside elementor-nav-menu--toggle elementor-nav-menu--burger jltma-glass-effect-no elementor-widget elementor-widget-nav-menu\" data-id=\"88a3bfd\" data-element_type=\"widget\" data-settings=\"{&quot;full_width&quot;:&quot;stretch&quot;,&quot;layout&quot;:&quot;horizontal&quot;,&quot;submenu_icon&quot;:{&quot;value&quot;:&quot;&lt;i class=\\&quot;fas fa-caret-down\\&quot;&gt;&lt;\\\/i&gt;&quot;,&quot;library&quot;:&quot;fa-solid&quot;},&quot;toggle&quot;:&quot;burger&quot;}\" data-widget_type=\"nav-menu.default\">\n\t\t\t\t<div class=\"elementor-widget-container\">\n\t\t\t<link rel=\"stylesheet\" href=\"https:\/\/miss.hoisinhvienhup.com\/wp-content\/plugins\/elementor-pro\/assets\/css\/widget-nav-menu.min.css\">\t\t\t<nav class=\"elementor-nav-menu--main elementor-nav-menu__container elementor-nav-menu--layout-horizontal e--pointer-underline e--animation-fade\">\n\t\t\t\t<ul id=\"menu-1-88a3bfd\" class=\"elementor-nav-menu\"><li class=\"menu-item menu-item-type-custom menu-item-object-custom menu-item-2136\"><a href=\"https:\/\/miss.hoisinhvienhup.com\/index.php\/home\/\" class=\"elementor-item menu-link\">Trang Ch\u1ee7<\/a><\/li>\n<li class=\"menu-item menu-item-type-post_type menu-item-object-page menu-item-1491\"><a href=\"https:\/\/miss.hoisinhvienhup.com\/index.php\/thddd-2023-gioithieu\/\" class=\"elementor-item menu-link\">Gi\u1edbi thi\u1ec7u<\/a><\/li>\n<li class=\"menu-item menu-item-type-post_type menu-item-object-page menu-item-1172\"><a href=\"https:\/\/miss.hoisinhvienhup.com\/index.php\/thddd-2023-thele\/\" class=\"elementor-item menu-link\">Th\u1ec3 l\u1ec7<\/a><\/li>\n<li class=\"menu-item menu-item-type-post_type menu-item-object-page menu-item-1490\"><a href=\"https:\/\/miss.hoisinhvienhup.com\/index.php\/thddd-2023-lienhe\/\" class=\"elementor-item menu-link\">Li\u00ean h\u1ec7<\/a><\/li>\n<li class=\"menu-item menu-item-type-post_type menu-item-object-page menu-item-1947\"><a href=\"https:\/\/miss.hoisinhvienhup.com\/index.php\/thddd-2023-top-24-chung-khao\/\" class=\"elementor-item menu-link\">TOP 24<\/a><\/li>\n<li class=\"menu-item menu-item-type-post_type menu-item-object-page menu-item-2048\"><a href=\"https:\/\/miss.hoisinhvienhup.com\/index.php\/thddd-2023-top-15-chung-ket\/\" class=\"elementor-item menu-link\">TOP 15<\/a><\/li>\n<\/ul>\t\t\t<\/nav>\n\t\t\t\t\t<div class=\"elementor-menu-toggle\" role=\"button\" tabindex=\"0\" aria-label=\"Menu Toggle\" aria-expanded=\"false\">\n\t\t\t<i aria-hidden=\"true\" role=\"presentation\" class=\"elementor-menu-toggle__icon--open eicon-menu-bar\"><\/i><i aria-hidden=\"true\" role=\"presentation\" class=\"elementor-menu-toggle__icon--close eicon-close\"><\/i>\t\t\t<span class=\"elementor-screen-only\">Menu<\/span>\n\t\t<\/div>\n\t\t\t\t\t<nav class=\"elementor-nav-menu--dropdown elementor-nav-menu__container\" aria-hidden=\"true\">\n\t\t\t\t<ul id=\"menu-2-88a3bfd\" class=\"elementor-nav-menu\"><li class=\"menu-item menu-item-type-custom menu-item-object-custom menu-item-2136\"><a href=\"https:\/\/miss.hoisinhvienhup.com\/index.php\/home\/\" class=\"elementor-item menu-link\" tabindex=\"-1\">Trang Ch\u1ee7<\/a><\/li>\n<li class=\"menu-item menu-item-type-post_type menu-item-object-page menu-item-1491\"><a href=\"https:\/\/miss.hoisinhvienhup.com\/index.php\/thddd-2023-gioithieu\/\" class=\"elementor-item menu-link\" tabindex=\"-1\">Gi\u1edbi thi\u1ec7u<\/a><\/li>\n<li class=\"menu-item menu-item-type-post_type menu-item-object-page menu-item-1172\"><a href=\"https:\/\/miss.hoisinhvienhup.com\/index.php\/thddd-2023-thele\/\" class=\"elementor-item menu-link\" tabindex=\"-1\">Th\u1ec3 l\u1ec7<\/a><\/li>\n<li class=\"menu-item menu-item-type-post_type menu-item-object-page menu-item-1490\"><a href=\"https:\/\/miss.hoisinhvienhup.com\/index.php\/thddd-2023-lienhe\/\" class=\"elementor-item menu-link\" tabindex=\"-1\">Li\u00ean h\u1ec7<\/a><\/li>\n<li class=\"menu-item menu-item-type-post_type menu-item-object-page menu-item-1947\"><a href=\"https:\/\/miss.hoisinhvienhup.com\/index.php\/thddd-2023-top-24-chung-khao\/\" class=\"elementor-item menu-link\" tabindex=\"-1\">TOP 24<\/a><\/li>\n<li class=\"menu-item menu-item-type-post_type menu-item-object-page menu-item-2048\"><a href=\"https:\/\/miss.hoisinhvienhup.com\/index.php\/thddd-2023-top-15-chung-ket\/\" class=\"elementor-item menu-link\" tabindex=\"-1\">TOP 15<\/a><\/li>\n<\/ul>\t\t\t<\/nav>\n\t\t\t\t<\/div>\n\t\t\t\t<\/div>\n\t\t\t\t\t<\/div>\n\t\t<\/div>\n\t\t\t\t<div class=\"has_eae_slider has_ma_el_bg_slider elementor-column elementor-col-50 elementor-top-column elementor-element elementor-element-1268606 jltma-glass-effect-no\" data-id=\"1268606\" data-element_type=\"column\">\n\t\t\t<div class=\"elementor-widget-wrap elementor-element-populated\">\n\t\t\t\t\t\t\t\t<div class=\"elementor-element elementor-element-3ec1445 elementor-align-center jltma-glass-effect-no elementor-widget elementor-widget-button\" data-id=\"3ec1445\" data-element_type=\"widget\" data-widget_type=\"button.default\">\n\t\t\t\t<div class=\"elementor-widget-container\">\n\t\t\t\t\t<div class=\"elementor-button-wrapper\">\n\t\t\t<a href=\"https:\/\/miss.hoisinhvienhup.com\/\" class=\"elementor-button-link elementor-button elementor-size-md\" role=\"button\">\n\t\t\t\t\t\t<span class=\"elementor-button-content-wrapper\">\n\t\t\t\t\t\t<span class=\"elementor-button-text\">T\u00e0i hoa Duy\u00ean d\u00e1ng D\u01b0\u1ee3c<\/span>\n\t\t<\/span>\n\t\t\t\t\t<\/a>\n\t\t<\/div>\n\t\t\t\t<\/div>\n\t\t\t\t<\/div>\n\t\t\t\t\t<\/div>\n\t\t<\/div>\n\t\t\t\t\t\t\t<\/div>\n\t\t<\/section>\n\t\t\t\t<section class=\"has_eae_slider has_ma_el_bg_slider elementor-section elementor-top-section elementor-element elementor-element-83746e8 elementor-section-height-min-height elementor-section-boxed elementor-section-height-default elementor-section-items-middle jltma-glass-effect-no\" data-id=\"83746e8\" data-element_type=\"section\" data-settings=\"{&quot;background_background&quot;:&quot;classic&quot;}\">\n\t\t\t\t\t\t\t<div class=\"elementor-background-overlay\"><\/div>\n\t\t\t\t\t\t\t<div class=\"elementor-container elementor-column-gap-default\">\n\t\t\t\t\t<div class=\"has_eae_slider has_ma_el_bg_slider elementor-column elementor-col-100 elementor-top-column elementor-element elementor-element-09faee3 jltma-glass-effect-no\" data-id=\"09faee3\" data-element_type=\"column\">\n\t\t\t<div class=\"elementor-widget-wrap elementor-element-populated\">\n\t\t\t\t\t\t\t\t<div class=\"elementor-element elementor-element-c7152a9 jltma-glass-effect-no elementor-widget elementor-widget-heading\" data-id=\"c7152a9\" data-element_type=\"widget\" data-widget_type=\"heading.default\">\n\t\t\t\t<div class=\"elementor-widget-container\">\n\t\t\t<style>\/*! elementor - v3.11.1 - 15-02-2023 *\/\n.elementor-heading-title{padding:0;margin:0;line-height:1}.elementor-widget-heading .elementor-heading-title[class*=elementor-size-]>a{color:inherit;font-size:inherit;line-height:inherit}.elementor-widget-heading .elementor-heading-title.elementor-size-small{font-size:15px}.elementor-widget-heading .elementor-heading-title.elementor-size-medium{font-size:19px}.elementor-widget-heading .elementor-heading-title.elementor-size-large{font-size:29px}.elementor-widget-heading .elementor-heading-title.elementor-size-xl{font-size:39px}.elementor-widget-heading .elementor-heading-title.elementor-size-xxl{font-size:59px}<\/style><h1 class=\"elementor-heading-title elementor-size-default\">TH\u1ec2 L\u1ec6 CU\u1ed8C THI<\/h1>\t\t<\/div>\n\t\t\t\t<\/div>\n\t\t\t\t<div class=\"elementor-element elementor-element-58e695f jltma-glass-effect-no elementor-widget elementor-widget-text-editor\" data-id=\"58e695f\" data-element_type=\"widget\" data-widget_type=\"text-editor.default\">\n\t\t\t\t<div class=\"elementor-widget-container\">\n\t\t\t<style>\/*! elementor - v3.11.1 - 15-02-2023 *\/\n.elementor-widget-text-editor.elementor-drop-cap-view-stacked .elementor-drop-cap{background-color:#818a91;color:#fff}.elementor-widget-text-editor.elementor-drop-cap-view-framed .elementor-drop-cap{color:#818a91;border:3px solid;background-color:transparent}.elementor-widget-text-editor:not(.elementor-drop-cap-view-default) .elementor-drop-cap{margin-top:8px}.elementor-widget-text-editor:not(.elementor-drop-cap-view-default) .elementor-drop-cap-letter{width:1em;height:1em}.elementor-widget-text-editor .elementor-drop-cap{float:left;text-align:center;line-height:1;font-size:50px}.elementor-widget-text-editor .elementor-drop-cap-letter{display:inline-block}<\/style>\t\t\t\t<p><span style=\"font-weight: 400;\">Cu\u1ed9c thi T\u00e0i hoa Duy\u00ean d\u00e1ng D\u01b0\u1ee3c 2023 v\u1edbi ch\u1ee7 \u0111\u1ec1 \u201cNg\u1ecdc\u201d l\u00e0 m\u1ed9t cu\u1ed9c thi nh\u1eb1m t\u00f4n vinh v\u1ebb \u0111\u1eb9p, tr\u00ed tu\u1ec7, t\u00e0i n\u0103ng, nh\u00e2n c\u00e1ch d\u00e0nh cho c\u00e1c n\u1eef sinh vi\u00ean tr\u01b0\u1eddng \u0110\u1ea1i h\u1ecdc D\u01b0\u1ee3c H\u00e0 N\u1ed9i, qua \u0111\u00f3 t\u00ecm ra g\u01b0\u01a1ng m\u1eb7t x\u1ee9ng \u0111\u00e1ng nh\u1ea5t \u0111\u1ea1i di\u1ec7n cho n\u1eef sinh D\u01b0\u1ee3c xinh \u0111\u1eb9p, \u0111a t\u00e0i, n\u0103ng \u0111\u1ed9ng v\u00e0 t\u1ef1 tin. \u0110\u00e2y c\u0169ng l\u00e0 ho\u1ea1t \u0111\u1ed9ng thi\u1ebft th\u1ef1c nh\u1eb1m th\u1ef1c hi\u1ec7n cu\u1ed9c v\u1eadn \u0111\u1ed9ng \u201cThanh ni\u00ean s\u1ed1ng \u0111\u1eb9p, s\u1ed1ng c\u00f3 \u00edch\u201d, \u201cSinh vi\u00ean 5 t\u1ed1t\u201d do Trung \u01b0\u01a1ng H\u1ed9i Sinh vi\u00ean Vi\u1ec7t Nam ph\u00e1t \u0111\u1ed9ng.<\/span><\/p>\t\t\t\t\t\t<\/div>\n\t\t\t\t<\/div>\n\t\t\t\t<section class=\"has_eae_slider has_ma_el_bg_slider elementor-section elementor-inner-section elementor-element elementor-element-519996d elementor-section-boxed elementor-section-height-default elementor-section-height-default jltma-glass-effect-no\" data-id=\"519996d\" data-element_type=\"section\">\n\t\t\t\t\t\t<div class=\"elementor-container elementor-column-gap-default\">\n\t\t\t\t\t<div class=\"has_eae_slider has_ma_el_bg_slider elementor-column elementor-col-50 elementor-inner-column elementor-element elementor-element-3f5d026 jltma-glass-effect-no\" data-id=\"3f5d026\" data-element_type=\"column\">\n\t\t\t<div class=\"elementor-widget-wrap elementor-element-populated\">\n\t\t\t\t\t\t\t\t<div class=\"elementor-element elementor-element-71d5a03 jltma-glass-effect-no elementor-widget elementor-widget-text-editor\" data-id=\"71d5a03\" data-element_type=\"widget\" data-widget_type=\"text-editor.default\">\n\t\t\t\t<div class=\"elementor-widget-container\">\n\t\t\t\t\t\t\t<p><b>I. \u0110\u1ed1i t\u01b0\u1ee3ng d\u1ef1 thi<\/b><\/p>\n<p><span style=\"font-weight: 400;\">L\u00e0 n\u1eef sinh vi\u00ean thu\u1ed9c n\u0103m 1 \u0111\u1ebfn n\u0103m 4 h\u1ec7 \u0110\u1ea1i h\u1ecdc ch\u00ednh quy \u0111ang sinh ho\u1ea1t, h\u1ecdc t\u1eadp t\u1ea1i tr\u01b0\u1eddng \u0110\u1ea1i h\u1ecdc D\u01b0\u1ee3c H\u00e0 N\u1ed9i.<\/span><\/p>\n<p><b style=\"font-style: inherit;\">II. \u0110i\u1ec1u ki\u1ec7n d\u1ef1 thi<\/b><\/p>\n<p><span style=\"font-weight: 400;\">&#8211; C\u00f3 \u0111\u1ea1o \u0111\u1ee9c, l\u1ed1i s\u1ed1ng t\u1ed1t, kh\u00f4ng vi ph\u1ea1m ph\u00e1p lu\u1eadt v\u00e0 quy ch\u1ebf c\u1ee7a nh\u00e0 tr\u01b0\u1eddng;&nbsp;<\/span><\/p>\n<p><span style=\"font-weight: 400;\">&#8211; C\u00f3 chi\u1ec1u cao t\u1eeb 1m55 tr\u1edf l\u00ean, ngo\u1ea1i h\u00ecnh c\u00e2n \u0111\u1ed1i, c\u00f3 n\u0103ng khi\u1ebfu trong c\u00e1c l\u0129nh v\u1ef1c v\u0103n h\u00f3a, ngh\u1ec7 thu\u1eadt, h\u1ed9i h\u1ecda, \u00e2m nh\u1ea1c, ca m\u00faa, \u1ea9m th\u1ef1c, n\u1ea5u \u0103n, may v\u00e1, v\u00f5 thu\u1eadt\u2026;<\/span><\/p>\n<p><span style=\"font-weight: 400;\">&#8211; Ch\u01b0a t\u1eebng k\u1ebft h\u00f4n, ch\u01b0a sinh con (th\u00ed sinh \u0111\u00e3 t\u1ed5 ch\u1ee9c c\u01b0\u1edbi theo phong t\u1ee5c t\u1eadp qu\u00e1n truy\u1ec1n th\u1ed1ng c\u1ee7a d\u00e2n t\u1ed9c nh\u01b0ng ch\u01b0a \u0111\u0103ng k\u00fd k\u1ebft h\u00f4n kh\u00f4ng \u0111\u01b0\u1ee3c tham d\u1ef1 cu\u1ed9c thi);&nbsp;<\/span><\/p>\n<p><span style=\"font-weight: 400;\">&#8211; Ch\u01b0a qua ph\u1eabu thu\u1eadt th\u1ea9m m\u1ef9, ch\u01b0a qua chuy\u1ec3n \u0111\u1ed5i gi\u1edbi t\u00ednh; c\u00f3 \u0111\u1ee7 s\u1ee9c kh\u1ecfe tham gia cu\u1ed9c thi.<\/span><\/p>\n<p><b>III. C\u00e1ch th\u1ee9c \u0111\u0103ng k\u00fd d\u1ef1 thi:<\/b><\/p>\n<p><i><span style=\"font-weight: 400;\">Th\u00ed sinh \u0111\u0103ng k\u00fd d\u1ef1 thi b\u1eb1ng c\u00e1ch \u0111i\u1ec1n v\u00e0o \u0111\u01a1n \u0110\u0103ng k\u00fd d\u1ef1 thi T\u00e0i hoa Duy\u00ean d\u00e1ng D\u01b0\u1ee3c 2023 k\u00e8m theo c\u00e1c t\u00e0i li\u1ec7u sau:<\/span><\/i><\/p>\n<p><span style=\"font-weight: 400;\">&#8211; 3 \u1ea3nh (file m\u1ec1m) bao g\u1ed3m: 1 \u1ea3nh ch\u00e2n dung (kh\u00f4ng khu\u1ea5t c\u00e1c ph\u1ea7n khu\u00f4n m\u1eb7t); 1 \u1ea3nh to\u00e0n th\u00e2n; 1 \u1ea3nh b\u00e1n th\u00e2n m\u1eb7c \u00e1o s\u01a1 mi tr\u1eafng v\u1edbi ph\u00f4ng n\u1ec1n tr\u01a1n;<\/span><\/p>\n<p>&#8211; Gi\u1ea5y ch\u1ee9ng nh\u1eadn \u0111\u00e3 tham gia c\u00e1c tr\u01b0\u1eddng\/l\u1edbp ngh\u1ec7 thu\u1eadt (N\u1ebfu c\u00f3);<br><\/p>\n<p><span style=\"font-weight: 400;\">&#8211; Gi\u1ea5y ch\u1ee9ng nh\u1eadn gi\u1ea3i th\u01b0\u1edfng trong c\u00e1c cu\u1ed9c thi v\u1ec1 s\u1eafc \u0111\u1eb9p ho\u1eb7c t\u00e0i n\u0103ng (N\u1ebfu c\u00f3);<\/span><\/p>\t\t\t\t\t\t<\/div>\n\t\t\t\t<\/div>\n\t\t\t\t\t<\/div>\n\t\t<\/div>\n\t\t\t\t<div class=\"has_eae_slider has_ma_el_bg_slider elementor-column elementor-col-50 elementor-inner-column elementor-element elementor-element-f5d5b38 jltma-glass-effect-no\" data-id=\"f5d5b38\" data-element_type=\"column\">\n\t\t\t<div class=\"elementor-widget-wrap elementor-element-populated\">\n\t\t\t\t\t\t\t\t<div class=\"elementor-element elementor-element-c33fa88 jltma-glass-effect-no elementor-widget elementor-widget-text-editor\" data-id=\"c33fa88\" data-element_type=\"widget\" data-widget_type=\"text-editor.default\">\n\t\t\t\t<div class=\"elementor-widget-container\">\n\t\t\t\t\t\t\t<p><b>Th\u1eddi h\u1ea1n n\u1ed9p h\u1ed3 s\u01a1:<\/b><\/p><p><span style=\"font-weight: 400;\">Th\u1eddi h\u1ea1n n\u1ed9p h\u1ed3 s\u01a1 t\u1eeb ng\u00e0y 23\/02\/2023 \u0111\u1ebfn h\u1ebft ng\u00e0y 11\/03\/2023.<\/span><\/p><p>Bu\u1ed5i s\u00e1ng: 08h30-11h30<\/p><p>Bu\u1ed5i chi\u1ec1u: 14h30-17h00<\/p><p><b>H\u1ed3 s\u01a1 d\u1ef1 thi g\u1eedi v\u1ec1:<\/b><\/p><p><span style=\"font-weight: 400;\">&#8211; V\u0103n ph\u00f2ng H\u1ed9i Sinh vi\u00ean \u0110\u1ea1i h\u1ecdc D\u01b0\u1ee3c H\u00e0 N\u1ed9i, Khu n\u1ed9i tr\u00fa tr\u01b0\u1eddng \u0110\u1ea1i h\u1ecdc D\u01b0\u1ee3c H\u00e0 N\u1ed9i (S\u1ed1 1A Th\u1ecd L\u00e3o, \u0110\u1ed1ng M\u00e1c, qu\u1eadn Hai B\u00e0 Tr\u01b0ng, H\u00e0 N\u1ed9i)<\/span><\/p><p><span style=\"font-weight: 400;\">&#8211; \u0110i\u1ec3m \u0111\u1eb7t b\u00e0n t\u1ea1i tr\u01b0\u1eddng \u0110\u1ea1i h\u1ecdc D\u01b0\u1ee3c H\u00e0 N\u1ed9i<\/span><\/p><p><span style=\"font-weight: 400;\">&#8211; Th\u00ed sinh g\u1eedi \u1ea3nh v\u1ec1 email:<\/span><\/p><p><span style=\"font-weight: 400;\">taihoaduyendangduoc2023@gmail.com theo c\u00fa ph\u00e1p:<\/span><\/p><p><em><span style=\"font-weight: 400;\">[H\u1ecc V\u00c0 T\u00caN _ MSV]<\/span><\/em><\/p><p><span style=\"font-size: 16px;\">K\u1ebft th\u00fac th\u1eddi gian n\u1ed9p h\u1ed3 s\u01a1 d\u1ef1 thi, Ban T\u1ed5 ch\u1ee9c s\u1ebd ti\u1ebfn h\u00e0nh x\u00e9t h\u1ed3 s\u01a1, h\u1ed3 s\u01a1 s\u1ebd b\u1ecb lo\u1ea1i n\u1ebfu kh\u00f4ng \u0111\u00e1p \u1ee9ng \u0111\u1ea7y \u0111\u1ee7 c\u00e1c y\u00eau c\u1ea7u tr\u00ean.<\/span><\/p><p><b>*L\u01b0u \u00fd:<\/b><\/p><p><span style=\"font-weight: 400;\">&#8211; \u1ea2nh file m\u1ec1m k\u00edch th\u01b0\u1edbc t\u1ed1i thi\u1ec3u m\u1ed7i \u1ea3nh kh\u00f4ng d\u01b0\u1edbi 2 MB<\/span><\/p><p><span style=\"font-weight: 400;\">&#8211; Nghi\u00eam c\u1ea5m \u1ea3nh ch\u1ee5p kho\u1ea3 th\u00e2n, \u1ea3nh c\u00f3 n\u1ed9i dung tr\u00e1i v\u1edbi thu\u1ea7n phong m\u1ef9 t\u1ee5c, kh\u00f4ng ch\u1ee5p \u1ea3nh g\u1ed3m 2 ng\u01b0\u1eddi tr\u1edf l\u00ean<\/span><\/p><p><span style=\"font-weight: 400;\">&#8211; Kh\u00f4ng \u0111\u01b0\u1ee3c ph\u00e9p ch\u1ec9nh s\u1eeda khu\u00f4n m\u1eb7t, c\u1eaft gh\u00e9p h\u00ecnh \u1ea3nh<\/span><\/p><p><span style=\"font-weight: 400;\">&#8211; Kh\u00f4ng nh\u1eadn \u1ea3nh \u0111en tr\u1eafng ho\u1eb7c \u0111\u01a1n s\u1eafc<\/span><\/p><p><span style=\"font-weight: 400;\">&#8211; Quy\u1ec1n l\u1ef1a ch\u1ecdn, bi\u00ean t\u1eadp h\u00ecnh \u1ea3nh thu\u1ed9c v\u1ec1 Ban T\u1ed5 ch\u1ee9c. Ban T\u1ed5 ch\u1ee9c c\u00f3 to\u00e0n quy\u1ec1n s\u1eed d\u1ee5ng h\u00ecnh \u1ea3nh th\u00ed sinh trong su\u1ed1t khu\u00f4n kh\u1ed5 ch\u01b0\u01a1ng tr\u00ecnh<\/span><\/p><p><span style=\"font-weight: 400;\">&#8211; H\u00ecnh \u1ea3nh ph\u1ea3i do th\u00ed sinh t\u1ef1 g\u1eedi \u0111\u1ebfn, Ban T\u1ed5 ch\u1ee9c kh\u00f4ng nh\u1eadn h\u00ecnh \u1ea3nh t\u1eeb b\u00ean th\u1ee9 ba.<\/span><\/p>\t\t\t\t\t\t<\/div>\n\t\t\t\t<\/div>\n\t\t\t\t\t<\/div>\n\t\t<\/div>\n\t\t\t\t\t\t\t<\/div>\n\t\t<\/section>\n\t\t\t\t<div class=\"elementor-element elementor-element-120c530 jltma-glass-effect-no elementor-widget elementor-widget-spacer\" data-id=\"120c530\" data-element_type=\"widget\" data-widget_type=\"spacer.default\">\n\t\t\t\t<div class=\"elementor-widget-container\">\n\t\t\t<style>\/*! elementor - v3.11.1 - 15-02-2023 *\/\n.elementor-column .elementor-spacer-inner{height:var(--spacer-size)}.e-con{--container-widget-width:100%}.e-con-inner>.elementor-widget-spacer,.e-con>.elementor-widget-spacer{width:var(--container-widget-width,var(--spacer-size));--align-self:var(--container-widget-align-self,initial);--flex-shrink:0}.e-con-inner>.elementor-widget-spacer>.elementor-widget-container,.e-con-inner>.elementor-widget-spacer>.elementor-widget-container>.elementor-spacer,.e-con>.elementor-widget-spacer>.elementor-widget-container,.e-con>.elementor-widget-spacer>.elementor-widget-container>.elementor-spacer{height:100%}.e-con-inner>.elementor-widget-spacer>.elementor-widget-container>.elementor-spacer>.elementor-spacer-inner,.e-con>.elementor-widget-spacer>.elementor-widget-container>.elementor-spacer>.elementor-spacer-inner{height:var(--container-widget-height,var(--spacer-size))}<\/style>\t\t<div class=\"elementor-spacer\">\n\t\t\t<div class=\"elementor-spacer-inner\"><\/div>\n\t\t<\/div>\n\t\t\t\t<\/div>\n\t\t\t\t<\/div>\n\t\t\t\t\t<\/div>\n\t\t<\/div>\n\t\t\t\t\t\t\t<\/div>\n\t\t<\/section>\n\t\t\t\t\t\t\t<\/div>\n\t\t","protected":false},"excerpt":{"rendered":"<p>T\u00e0i hoa Duy\u00ean d\u00e1ng D\u01b0\u1ee3c TH\u1ec2 L\u1ec6 CU\u1ed8C THI Cu\u1ed9c thi T\u00e0i hoa Duy\u00ean d\u00e1ng D\u01b0\u1ee3c 2023 v\u1edbi ch\u1ee7 \u0111\u1ec1 \u201cNg\u1ecdc\u201d l\u00e0 m\u1ed9t cu\u1ed9c thi nh\u1eb1m t\u00f4n vinh v\u1ebb \u0111\u1eb9p, tr\u00ed tu\u1ec7, t\u00e0i n\u0103ng, nh\u00e2n c\u00e1ch d\u00e0nh cho c\u00e1c n\u1eef sinh vi\u00ean tr\u01b0\u1eddng \u0110\u1ea1i h\u1ecdc D\u01b0\u1ee3c H\u00e0 N\u1ed9i, qua \u0111\u00f3 t\u00ecm ra g\u01b0\u01a1ng m\u1eb7t x\u1ee9ng &hellip;<\/p>\n<p class=\"read-more\"> <a class=\"\" href=\"https:\/\/miss.hoisinhvienhup.com\/index.php\/thddd-2023-thele\/\"> <span class=\"screen-reader-text\">T\u00e0i hoa Duy\u00ean d\u00e1ng D\u01b0\u1ee3c 2023 &#8211; Th\u1ec3 l\u1ec7<\/span> Read More &raquo;<\/a><\/p>\n","protected":false},"author":1,"featured_media":0,"parent":0,"menu_order":0,"comment_status":"closed","ping_status":"closed","template":"","meta":{"site-sidebar-layout":"no-sidebar","site-content-layout":"page-builder","ast-global-header-display":"","ast-main-header-display":"","ast-hfb-above-header-display":"","ast-hfb-below-header-display":"","ast-hfb-mobile-header-display":"","site-post-title":"disabled","ast-breadcrumbs-content":"","ast-featured-img":"disabled","footer-sml-layout":"","theme-transparent-header-meta":"enabled","adv-header-id-meta":"","stick-header-meta":"","header-above-stick-meta":"","header-main-stick-meta":"","header-below-stick-meta":""},"_links":{"self":[{"href":"https:\/\/miss.hoisinhvienhup.com\/index.php\/wp-json\/wp\/v2\/pages\/1320"}],"collection":[{"href":"https:\/\/miss.hoisinhvienhup.com\/index.php\/wp-json\/wp\/v2\/pages"}],"about":[{"href":"https:\/\/miss.hoisinhvienhup.com\/index.php\/wp-json\/wp\/v2\/types\/page"}],"author":[{"embeddable":true,"href":"https:\/\/miss.hoisinhvienhup.com\/index.php\/wp-json\/wp\/v2\/users\/1"}],"replies":[{"embeddable":true,"href":"https:\/\/miss.hoisinhvienhup.com\/index.php\/wp-json\/wp\/v2\/comments?post=1320"}],"version-history":[{"count":60,"href":"https:\/\/miss.hoisinhvienhup.com\/index.php\/wp-json\/wp\/v2\/pages\/1320\/revisions"}],"predecessor-version":[{"id":2393,"href":"https:\/\/miss.hoisinhvienhup.com\/index.php\/wp-json\/wp\/v2\/pages\/1320\/revisions\/2393"}],"wp:attachment":[{"href":"https:\/\/miss.hoisinhvienhup.com\/index.php\/wp-json\/wp\/v2\/media?parent=1320"}],"curies":[{"name":"wp","href":"https:\/\/api.w.org\/{rel}","templated":true}]}}